{"id":21085,"date":"2018-03-22T09:54:33","date_gmt":"2018-03-22T08:54:33","guid":{"rendered":"https:\/\/www.dancesocksbcn.com\/cookies\/"},"modified":"2018-04-27T10:45:25","modified_gmt":"2018-04-27T08:45:25","slug":"cookies","status":"publish","type":"page","link":"https:\/\/www.dancesocksbcn.com\/ca\/cookies\/","title":{"rendered":"Cookies"},"content":{"rendered":"<p><b>POL\u00cdTICA DE GALETES<\/b><\/p>\n<p><b>Qu\u00e8 s\u00f3n les galetes?<\/b><\/p>\n<p>Les cookies s\u00f3n petits arxius de text que s\u00f3n descarregats a i emmagatzemats a la terminal de l&#8217;usuari (ordinador\/smartphone\/comprimit) quan sigui que l&#8217;usuari entra certes p\u00e0gines web. Permeten la p\u00e0gina web recordar les prefer\u00e8ncies de navegaci\u00f3 i millorar la navegaci\u00f3, fent de la interacci\u00f3 entre l&#8217;usuari i el lloc web m\u00e9s r\u00e0pid i senzill.<\/p>\n<p>La informaci\u00f3 recollida per galetes \u00e9s an\u00f2nima i no cont\u00e9 cap informaci\u00f3 sensible (com nom, adre\u00e7a o dades banc\u00e0ries), com les galetes no recopilis dades que pot identificar l&#8217;usuari.<br \/>\n<b><br \/>\n<\/b><b>Qu\u00e8 serveixen les cookies per?<\/b><\/p>\n<p>El lloc web utilitza cookies i altres mecanismes de recuperaci\u00f3 d&#8217;emmagatzematge i informaci\u00f3 per fer un seguiment d&#8217;interacci\u00f3 dels usuaris amb els productes oferts en el web.<\/p>\n<p>Les galetes tamb\u00e9 permeten identificar el navegador i el dispositiu a trav\u00e9s del qual l&#8217;usuari est\u00e0 accedint a la p\u00e0gina web. Les galetes s&#8217;utilitzen per facilitar la visita a la p\u00e0gina web seg\u00fcent i fer-lo m\u00e9s \u00fatil.<\/p>\n<p><b>Tipus de galetes utilitzades:<\/b><\/p>\n<p>El lloc web utilitza el seg\u00fcent tipus de galetes:<\/p>\n<p>Galetes de publicitat: Aquestes &#8220;cookies&#8221; permeten la gesti\u00f3, el m\u00e9s eficient possible, d&#8217;espais que l&#8217;editor ha incl\u00f2s en un lloc web, aplicaci\u00f3 o plataforma basada en criteris com ara el contingut editat o la freq\u00fc\u00e8ncia en qu\u00e8 es mostren els anuncis de publicitat. Aquesta eina permet dotar l&#8217;usuari publicitat a mida per als seus interessos.<\/p>\n<p>Galetes anal\u00edtics: Quan l&#8217;usuari accedeix a la Webites, aquesta eina recull informaci\u00f3 an\u00f2nima sobre com persones utilitzar el lloc i els seus patrons de comportament.<\/p>\n<p>Anal\u00edtica Google permet les galetes en el domini del lloc seg\u00fcents:<\/p>\n<p>-&#8220;__utma&#8221;: s\u00f3n necess\u00e0ries per al funcionament de l&#8217;Anal\u00edtica Google. Van expirar despr\u00e9s d&#8217;un per\u00edode de 2 anys.<br \/>\n-&#8220;__utmz&#8221;: s&#8217;utilitzen per esbrinar com entrar en clients nostre lloc i d&#8217;on v\u00e9nen. Ells expira despr\u00e9s de 6 mesos.<br \/>\n-&#8220;__utmb&#8221;: aquesta galeta registra l&#8217;hora d&#8217;arribada al lloc i expira 30 minuts despr\u00e9s el darrer registre. Aix\u00f2 se suprimir\u00e0 autom\u00e0ticament quan movent a un lloc web diferent o tancar el navegador.<br \/>\n-&#8220;__utmc&#8221;: l&#8217;actual codi JavaScript utilitzat per Anal\u00edtica Google no necessita aquesta galeta. Aquesta galeta es va utilitzar juntament amb la galeta __utmb per determinar si despr\u00e9s de 30 segons de romandre en el lloc web, era apropiat per iniciar una nova sessi\u00f3 de l&#8217;usuari. Aquesta galeta \u00e9s encara en \u00fas per a garantir la compatibilitat amb llocs web que encara tenen el primer seguiment Urchin codi instal\u00b7lats.<\/p>\n<p><b>Com impossibilitar galetes:<\/b><\/p>\n<p>Cada navegador permet desactivar les galetes. Aquesta \u00e9s la ra\u00f3 per qu\u00e8 la majoria de navegadors ofereixen la possibilitat de gestionar les galetes per a obtenir un control m\u00e9s prec\u00eds sobre la privacitat. Aquestes escenes es troben a les pestanyes &#8220;Opcions&#8221; o &#8220;Prefer\u00e8ncies&#8221; al seu men\u00fa de navegador.<\/p>\n<p>Per desactivar les galetes de cada navegador, pot seguir les instruccions de sota:<\/p>\n<ol start=\"1\">\n<li><b>Explorador d&#8217;Internet<\/b> (http:\/\/goo.gl\/vFM6gb)<br \/>\nEn els men\u00fas d&#8217;eines, seleccioni &#8220;Opciones de Internet&#8221;.<br \/>\nFeu clic a l&#8217;etiqueta de privacitat.<br \/>\nVost\u00e8 ser\u00e0 capa\u00e7 de configurar la privacitat mitjan\u00e7ant un cursor sis-posici\u00f3 que li permet controlar la quantitat de cookies que s&#8217;instal\u00b7lar\u00e0: bloqueja totes les galetes, alt, mitj\u00e0 alt, mitj\u00e0 (que \u00e9s el nivell per defecte), baix i acceptar totes les galetes.<\/li>\n<\/ol>\n<ol start=\"2\">\n<li><b> Mozilla Firefox<\/b> (https:\/\/goo.gl\/CTkAGV)<br \/>\nA la part superior de la finestra de Firefox, feu clic al men\u00fa Eines.<br \/>\nSeleccioneu Opcions.<br \/>\nSeleccioneu el quadre de privadesa.<br \/>\nA Firefox, podeu utilitzar una configuraci\u00f3 personalitzada per a l&#8217;Historial de navegaci\u00f3 per configurar les opcions.<\/li>\n<\/ol>\n<ol start=\"3\">\n<li><b> Google Chrome <\/b>(http:\/\/goo.gl\/fQnkSB)<br \/>\nFeu clic en els men\u00fas a la barra d&#8217;eines.<br \/>\nSeleccioneu configuraci\u00f3.<br \/>\nFaci clic a demostraci\u00f3 avan\u00e7ada opcions.<br \/>\nA la secci\u00f3 &#8220;Privadesa&#8221;, feu clic al bot\u00f3 &#8220;Configuraci\u00f3 de contingut&#8221;.<br \/>\nPodeu configurar les galetes a la secci\u00f3 &#8220;Galetes&#8221;.<\/li>\n<\/ol>\n<ol start=\"4\">\n<li><b> Safari<\/b> (https:\/\/goo.gl\/PCjEm3 \/ https:\/\/goo.gl\/dQywEo)<br \/>\nEn el men\u00fa de configuraci\u00f3, seleccioneu l&#8217;opci\u00f3 &#8220;Prefer\u00e8ncies&#8221;.<br \/>\nObrir l&#8217;etiqueta de privacitat.<br \/>\nSeleccioneu l&#8217;opci\u00f3 de la seva elecci\u00f3 a la secci\u00f3 &#8220;galetes de bloc&#8221;.<br \/>\nRecordeu que despr\u00e9s d&#8217;inhabilitar les galetes de certes funcions pot no estar disponibles i, per tant, el lloc pot no ser plenament funcional.<br \/>\nSi voleu no a remuntar per galetes, Google ha desenvolupat un complement que puguin estar instal\u00b7lats en el vostre navegador. Vost\u00e8 pot trobar a http:\/\/goo.gl\/up4ND.<b>Galetes en dispositius m\u00f2bils:<\/b>Lloc web tamb\u00e9 utilitza les galetes i altres dispositius d&#8217;emmagatzematge en dispositius m\u00f2bils. Navegadors m\u00f2bils permeten canviar la configuraci\u00f3 de privadesa per tal d&#8217;activar o desactivar les galetes. Si voleu modificar les opcions de privadesa, nom\u00e9s cal seguir les instruccions proporcionades pel seu desenvolupador de navegador per a dispositius m\u00f2bils.<\/p>\n<p>Si voleu modificar les opcions de privacitat, si us plau segueixi les instruccions especificat pel desenvolupador de navegador m\u00f2bil.<\/p>\n<p>A continuaci\u00f3 trobareu exemples que us guiar\u00e0 a trav\u00e9s de la configuraci\u00f3 de la configuraci\u00f3 de privadesa al vostre dispositiu m\u00f2bil:<\/p>\n<p><b>IOS<\/b>: (http:\/\/goo.gl\/61xevS)<\/p>\n<p><b>Windows Phone<\/b>: (http:\/\/goo.gl\/Rx8QQ)<\/p>\n<p><b>M\u00f2bil de crom<\/b>: (http:\/\/goo.gl\/XJp7N)<\/p>\n<p><b>M\u00f2bil d&#8217;\u00f2pera<\/b>: (http:\/\/goo.gl\/Nzr8s7)<\/p>\n<p><b>L&#8217;acceptaci\u00f3 de les galetes:<\/b><\/p>\n<p>Continuant navegar, vost\u00e8 entendr\u00e0 va acceptar l&#8217;\u00fas de cookies pel lloc web.<\/p>\n<p>Us informem que si bloqueja o rebutjar la instal\u00b7laci\u00f3 de cookies, determinats serveis poden no estar disponibles per a vost\u00e8 i per tant no pot ser capa\u00e7 d&#8217;accedir a determinats serveis o fer un \u00fas complet d&#8217;aquesta web.<\/p>\n<p>Per a m\u00e9s informaci\u00f3, si us plau llegiu la <a href=\"https:\/\/www.agpd.es\/portalwebAGPD\/canaldocumentacion\/publicaciones\/common\/Guias\/Guia_Cookies.pdf\">guia sobre l&#8217;\u00fas de cookies<\/a> de la ag\u00e8ncia de protecci\u00f3 de dades espanyola.<\/li>\n<\/ol>\n","protected":false},"excerpt":{"rendered":"<p>POL\u00cdTICA DE GALETES Qu\u00e8 s\u00f3n les galetes? Les cookies s\u00f3n petits arxius de text que s\u00f3n descarregats a i emmagatzemats [&hellip;]<\/p>\n","protected":false},"author":3,"featured_media":0,"parent":0,"menu_order":0,"comment_status":"closed","ping_status":"closed","template":"","meta":{"footnotes":""},"class_list":["post-21085","page","type-page","status-publish","hentry"],"yoast_head":"<!-- This site is optimized with the Yoast SEO plugin v19.13 - https:\/\/yoast.com\/wordpress\/plugins\/seo\/ -->\n<title>Cookies &bull; dance socks bcn<\/title>\n<meta name=\"robots\" content=\"noindex, nofollow\" \/>\n<meta property=\"og:locale\" content=\"ca_ES\" \/>\n<meta property=\"og:type\" content=\"article\" \/>\n<meta property=\"og:title\" content=\"Cookies &bull; dance socks bcn\" \/>\n<meta property=\"og:description\" content=\"POL\u00cdTICA DE GALETES Qu\u00e8 s\u00f3n les galetes? Les cookies s\u00f3n petits arxius de text que s\u00f3n descarregats a i emmagatzemats [&hellip;]\" \/>\n<meta property=\"og:url\" content=\"https:\/\/www.dancesocksbcn.com\/ca\/cookies\/\" \/>\n<meta property=\"og:site_name\" content=\"dance socks bcn\" \/>\n<meta property=\"article:publisher\" content=\"https:\/\/www.facebook.com\/dancesocksbcn\/\" \/>\n<meta property=\"article:modified_time\" content=\"2018-04-27T08:45:25+00:00\" \/>\n<meta name=\"twitter:card\" content=\"summary_large_image\" \/>\n<meta name=\"twitter:site\" content=\"@dancesocksbcn\" \/>\n<meta name=\"twitter:label1\" content=\"Temps estimat de lectura\" \/>\n\t<meta name=\"twitter:data1\" content=\"5 minuts\" \/>\n<script type=\"application\/ld+json\" class=\"yoast-schema-graph\">{\"@context\":\"https:\/\/schema.org\",\"@graph\":[{\"@type\":\"WebPage\",\"@id\":\"https:\/\/www.dancesocksbcn.com\/ca\/cookies\/\",\"url\":\"https:\/\/www.dancesocksbcn.com\/ca\/cookies\/\",\"name\":\"Cookies &bull; dance socks bcn\",\"isPartOf\":{\"@id\":\"https:\/\/www.dancesocksbcn.com\/ca\/#website\"},\"datePublished\":\"2018-03-22T08:54:33+00:00\",\"dateModified\":\"2018-04-27T08:45:25+00:00\",\"breadcrumb\":{\"@id\":\"https:\/\/www.dancesocksbcn.com\/ca\/cookies\/#breadcrumb\"},\"inLanguage\":\"ca\",\"potentialAction\":[{\"@type\":\"ReadAction\",\"target\":[\"https:\/\/www.dancesocksbcn.com\/ca\/cookies\/\"]}]},{\"@type\":\"BreadcrumbList\",\"@id\":\"https:\/\/www.dancesocksbcn.com\/ca\/cookies\/#breadcrumb\",\"itemListElement\":[{\"@type\":\"ListItem\",\"position\":1,\"name\":\"Home\",\"item\":\"https:\/\/www.dancesocksbcn.com\/ca\/\"},{\"@type\":\"ListItem\",\"position\":2,\"name\":\"Cookies\"}]},{\"@type\":\"WebSite\",\"@id\":\"https:\/\/www.dancesocksbcn.com\/ca\/#website\",\"url\":\"https:\/\/www.dancesocksbcn.com\/ca\/\",\"name\":\"dance socks bcn\",\"description\":\"Designed by dancers. Daily dance use.\",\"publisher\":{\"@id\":\"https:\/\/www.dancesocksbcn.com\/ca\/#organization\"},\"potentialAction\":[{\"@type\":\"SearchAction\",\"target\":{\"@type\":\"EntryPoint\",\"urlTemplate\":\"https:\/\/www.dancesocksbcn.com\/ca\/?s={search_term_string}\"},\"query-input\":\"required name=search_term_string\"}],\"inLanguage\":\"ca\"},{\"@type\":\"Organization\",\"@id\":\"https:\/\/www.dancesocksbcn.com\/ca\/#organization\",\"name\":\"dance socks bcn\",\"url\":\"https:\/\/www.dancesocksbcn.com\/ca\/\",\"logo\":{\"@type\":\"ImageObject\",\"inLanguage\":\"ca\",\"@id\":\"https:\/\/www.dancesocksbcn.com\/ca\/#\/schema\/logo\/image\/\",\"url\":\"https:\/\/dancesocksbcn.b-cdn.net\/wp-content\/uploads\/2018\/04\/logo-dance-socks-bcn.png\",\"contentUrl\":\"https:\/\/dancesocksbcn.b-cdn.net\/wp-content\/uploads\/2018\/04\/logo-dance-socks-bcn.png\",\"width\":206,\"height\":150,\"caption\":\"dance socks bcn\"},\"image\":{\"@id\":\"https:\/\/www.dancesocksbcn.com\/ca\/#\/schema\/logo\/image\/\"},\"sameAs\":[\"https:\/\/www.instagram.com\/dancesocksbcn\/\",\"https:\/\/www.pinterest.es\/dancesocksbcn\",\"https:\/\/www.youtube.com\/channel\/UC1AUmn1kqqoih2wYgNUiuYQ\",\"https:\/\/www.facebook.com\/dancesocksbcn\/\",\"https:\/\/twitter.com\/dancesocksbcn\"]}]}<\/script>\n<!-- \/ Yoast SEO plugin. -->","yoast_head_json":{"title":"Cookies &bull; dance socks bcn","robots":{"index":"noindex","follow":"nofollow"},"og_locale":"ca_ES","og_type":"article","og_title":"Cookies &bull; dance socks bcn","og_description":"POL\u00cdTICA DE GALETES Qu\u00e8 s\u00f3n les galetes? Les cookies s\u00f3n petits arxius de text que s\u00f3n descarregats a i emmagatzemats [&hellip;]","og_url":"https:\/\/www.dancesocksbcn.com\/ca\/cookies\/","og_site_name":"dance socks bcn","article_publisher":"https:\/\/www.facebook.com\/dancesocksbcn\/","article_modified_time":"2018-04-27T08:45:25+00:00","twitter_card":"summary_large_image","twitter_site":"@dancesocksbcn","twitter_misc":{"Temps estimat de lectura":"5 minuts"},"schema":{"@context":"https:\/\/schema.org","@graph":[{"@type":"WebPage","@id":"https:\/\/www.dancesocksbcn.com\/ca\/cookies\/","url":"https:\/\/www.dancesocksbcn.com\/ca\/cookies\/","name":"Cookies &bull; dance socks bcn","isPartOf":{"@id":"https:\/\/www.dancesocksbcn.com\/ca\/#website"},"datePublished":"2018-03-22T08:54:33+00:00","dateModified":"2018-04-27T08:45:25+00:00","breadcrumb":{"@id":"https:\/\/www.dancesocksbcn.com\/ca\/cookies\/#breadcrumb"},"inLanguage":"ca","potentialAction":[{"@type":"ReadAction","target":["https:\/\/www.dancesocksbcn.com\/ca\/cookies\/"]}]},{"@type":"BreadcrumbList","@id":"https:\/\/www.dancesocksbcn.com\/ca\/cookies\/#breadcrumb","itemListElement":[{"@type":"ListItem","position":1,"name":"Home","item":"https:\/\/www.dancesocksbcn.com\/ca\/"},{"@type":"ListItem","position":2,"name":"Cookies"}]},{"@type":"WebSite","@id":"https:\/\/www.dancesocksbcn.com\/ca\/#website","url":"https:\/\/www.dancesocksbcn.com\/ca\/","name":"dance socks bcn","description":"Designed by dancers. Daily dance use.","publisher":{"@id":"https:\/\/www.dancesocksbcn.com\/ca\/#organization"},"potentialAction":[{"@type":"SearchAction","target":{"@type":"EntryPoint","urlTemplate":"https:\/\/www.dancesocksbcn.com\/ca\/?s={search_term_string}"},"query-input":"required name=search_term_string"}],"inLanguage":"ca"},{"@type":"Organization","@id":"https:\/\/www.dancesocksbcn.com\/ca\/#organization","name":"dance socks bcn","url":"https:\/\/www.dancesocksbcn.com\/ca\/","logo":{"@type":"ImageObject","inLanguage":"ca","@id":"https:\/\/www.dancesocksbcn.com\/ca\/#\/schema\/logo\/image\/","url":"https:\/\/dancesocksbcn.b-cdn.net\/wp-content\/uploads\/2018\/04\/logo-dance-socks-bcn.png","contentUrl":"https:\/\/dancesocksbcn.b-cdn.net\/wp-content\/uploads\/2018\/04\/logo-dance-socks-bcn.png","width":206,"height":150,"caption":"dance socks bcn"},"image":{"@id":"https:\/\/www.dancesocksbcn.com\/ca\/#\/schema\/logo\/image\/"},"sameAs":["https:\/\/www.instagram.com\/dancesocksbcn\/","https:\/\/www.pinterest.es\/dancesocksbcn","https:\/\/www.youtube.com\/channel\/UC1AUmn1kqqoih2wYgNUiuYQ","https:\/\/www.facebook.com\/dancesocksbcn\/","https:\/\/twitter.com\/dancesocksbcn"]}]}},"_links":{"self":[{"href":"https:\/\/www.dancesocksbcn.com\/ca\/wp-json\/wp\/v2\/pages\/21085","targetHints":{"allow":["GET"]}}],"collection":[{"href":"https:\/\/www.dancesocksbcn.com\/ca\/wp-json\/wp\/v2\/pages"}],"about":[{"href":"https:\/\/www.dancesocksbcn.com\/ca\/wp-json\/wp\/v2\/types\/page"}],"author":[{"embeddable":true,"href":"https:\/\/www.dancesocksbcn.com\/ca\/wp-json\/wp\/v2\/users\/3"}],"replies":[{"embeddable":true,"href":"https:\/\/www.dancesocksbcn.com\/ca\/wp-json\/wp\/v2\/comments?post=21085"}],"version-history":[{"count":0,"href":"https:\/\/www.dancesocksbcn.com\/ca\/wp-json\/wp\/v2\/pages\/21085\/revisions"}],"wp:attachment":[{"href":"https:\/\/www.dancesocksbcn.com\/ca\/wp-json\/wp\/v2\/media?parent=21085"}],"curies":[{"name":"wp","href":"https:\/\/api.w.org\/{rel}","templated":true}]}}