{"id":21086,"date":"2018-03-22T09:54:33","date_gmt":"2018-03-22T08:54:33","guid":{"rendered":"https:\/\/www.dancesocksbcn.com\/cookies\/"},"modified":"2018-04-27T10:45:28","modified_gmt":"2018-04-27T08:45:28","slug":"cookies","status":"publish","type":"page","link":"https:\/\/www.dancesocksbcn.com\/es\/cookies\/","title":{"rendered":"Cookies"},"content":{"rendered":"<div class=\"grid\">\n<div class=\"grid__item medium-up--four-fifths medium-up--push-one-tenth\">\n<div class=\"rte\">\n<p><b>Pol\u00edtica de cookies<\/b><\/p>\n<p><b>\u00bfQu\u00e9 son las cookies?<\/b><\/p>\n<p>Las cookies son peque\u00f1os archivos de texto que se descargan y almacenan en el terminal del usuario (computadora\/smartphone\/Tablet) cuando el usuario ingresa en ciertas p\u00e1ginas Web. Permiten al sitio web recordar preferencias de navegaci\u00f3n y mejorar la navegaci\u00f3n haciendo la interacci\u00f3n entre el usuario y el sitio web m\u00e1s r\u00e1pido y m\u00e1s simple.<\/p>\n<p>La informaci\u00f3n recogida por cookies es an\u00f3nima y no contiene ninguna informaci\u00f3n sensata (como el nombre, la direcci\u00f3n o los detalles bancarios), ya que las cookies no recopilan datos que puedan identificar al usuario.<br \/>\n<b><br \/>\n<\/b><b>\u00bfpara qu\u00e9 sirven las cookies?<\/b><\/p>\n<p>El sitio web utiliza cookies y otros dispositivos de almacenamiento y recuperaci\u00f3n de informaci\u00f3n para realizar un seguimiento de la interacci\u00f3n del usuario con los productos ofrecidos en el sitio Web.<\/p>\n<p>Las cookies tambi\u00e9n permiten identificar el navegador y el dispositivo a trav\u00e9s del cual el usuario est\u00e1 accediendo al sitio Web. Las cookies se utilizan para facilitar la pr\u00f3xima visita al sitio web y hacerla m\u00e1s \u00fatil.<\/p>\n<p><b>Tipos de cookies utilizadas:<\/b><\/p>\n<p>El sitio web utiliza el siguiente tipo de cookies:<\/p>\n<p>Cookies publicitarias: Estas cookies permiten a la gerencia, lo m\u00e1s eficiente posible, de espacios publicitarios que el editor ha incluido en un sitio web, aplicaci\u00f3n o plataforma basado en criterios como el contenido editado o la frecuencia a la que se muestran los anuncios. Esta herramienta permite proporcionar al usuario publicidad adaptada a sus intereses.<\/p>\n<p>Cookies anal\u00edticas: Cuando el usuario acceda al webites, esta herramienta recopila informaci\u00f3n an\u00f3nima sobre c\u00f3mo la gente usa el sitio y sus patrones de comportamiento.<\/p>\n<p>Google Analytics permite las siguientes cookies en el dominio del sitio:<\/p>\n<p>-&#8220;__utma&#8221;: se requieren para el funcionamiento de Google Analytics. Expiran despu\u00e9s de un per\u00edodo de 2 a\u00f1os.<br \/>\n-&#8220;__utmz&#8221;: se utilizan para averiguar c\u00f3mo los clientes entran en nuestro sitio y de d\u00f3nde vienen. Caducan despu\u00e9s de 6 meses.<br \/>\n-&#8220;__utmb&#8221;: esta cookie registra la hora de llegada al sitio y expira 30 minutos despu\u00e9s del \u00faltimo registro. Se elimina autom\u00e1ticamente cuando se desplaza a otro sitio web o se cierra el navegador.<br \/>\n-&#8220;__utmc&#8221;: el actual c\u00f3digo JavaScript utilizado por Google Analytics no necesita esta cookie. Esta cookie se us\u00f3 junto con la cookie __utmb para determinar si despu\u00e9s de 30 segundos de permanencia en el sitio web, era apropiado iniciar una nueva sesi\u00f3n para el usuario. Esta cookie todav\u00eda est\u00e1 en uso para garantizar la compatibilidad con los sitios web que todav\u00eda tienen el c\u00f3digo de seguimiento anterior URurchin.js instalado.<\/p>\n<p><b>C\u00f3mo deshabilitar cookies:<\/b><\/p>\n<p>Cada navegador le permite deshabilitar las cookies. Esta es la raz\u00f3n por la que la mayor\u00eda de los navegadores ofrecen la posibilidad de administrar cookies para obtener un control m\u00e1s preciso sobre la privacidad. Estos ajustes se encuentran en las fichas &#8221; opciones &#8221; o &#8221; Preferencias &#8221; del men\u00fa del navegador.<\/p>\n<p>Para deshabilitar las cookies en cada navegador, puede seguir las siguientes instrucciones:<\/p>\n<ol>\n<li><b>Internet Explorer<\/b> (http:\/\/goo.GL\/vFM6gb)<br \/>\nEn los men\u00fas herramientas, seleccione &#8220;opciones de Internet&#8221;.<br \/>\nHaga clic en la etiqueta de privacidad.<br \/>\nPodr\u00e1s configurar la privacidad a trav\u00e9s de un cursor de seis posiciones que te permitir\u00e1 controlar la cantidad de cookies que se instalar\u00e1n: bloquea todas las cookies, alta, media alta, media (que es el nivel por defecto), baja y acepta todas las cookies.<\/li>\n<li><b> Mozilla Firefox<\/b> (https:\/\/goo.GL\/CTkAGV)<br \/>\nEn la parte superior de la ventana de Firefox, haga clic en el men\u00fa herramientas.<br \/>\nSeleccione opciones.<br \/>\nSeleccione el panel privacidad.<br \/>\nEn Firefox puede optar por utilizar una configuraci\u00f3n personalizada para el historial de navegaci\u00f3n con el fin de configurar las opciones.<\/li>\n<li><b> Google Chrome <\/b>(http:\/\/goo.GL\/fQnkSB)<br \/>\nHaga clic en los men\u00fas ubicados en la barra de herramientas.<br \/>\nSeleccione configuraci\u00f3n.<br \/>\nHaga clic en Mostrar opciones avanzadas.<br \/>\nEn la secci\u00f3n &#8220;privacidad&#8221;, haga clic en el bot\u00f3n &#8220;configuraci\u00f3n de contenido&#8221;.<br \/>\nPuede configurar cookies en la secci\u00f3n &#8220;cookies&#8221;.<\/li>\n<li><b> Safari<\/b> (https:\/\/goo.GL\/PCjEm3\/https:\/\/goo.GL\/dQywEo)<br \/>\nEn el men\u00fa configuraci\u00f3n, seleccione la opci\u00f3n &#8220;preferencias&#8221;.<br \/>\nAbra la etiqueta de privacidad.<br \/>\nSeleccione la opci\u00f3n de su elecci\u00f3n en la secci\u00f3n &#8220;bloquear cookies&#8221;.<br \/>\nRecuerde que despu\u00e9s de deshabilitar las cookies ciertas funciones pueden no estar disponibles y por lo tanto el sitio puede no ser completamente funcional.<br \/>\nSi usted desea no ser rastreado por cookies, Google ha desarrollado un complemento que puede ser instalado en su navegador. Usted puede encontrar en http:\/\/goo.GL\/up4ND.<\/li>\n<\/ol>\n<p><b>Cookies en dispositivos m\u00f3viles:<\/b><\/p>\n<p>El sitio web tambi\u00e9n utiliza cookies y otros dispositivos de almacenamiento en dispositivos m\u00f3viles. Los navegadores m\u00f3viles tambi\u00e9n permiten cambiar la configuraci\u00f3n de privacidad para habilitar o deshabilitar cookies. Si desea modificar sus opciones de privacidad, s\u00f3lo tiene que seguir las instrucciones proporcionadas por el desarrollador de su navegador para dispositivos m\u00f3viles.<\/p>\n<p>Si desea modificar las opciones de privacidad, siga las instrucciones especificadas por el desarrollador de su navegador de dispositivos m\u00f3viles.<\/p>\n<p>A continuaci\u00f3n encontrar\u00e1 ejemplos que le guiar\u00e1n a trav\u00e9s de la configuraci\u00f3n de privacidad en su dispositivo m\u00f3vil:<\/p>\n<p><b>IOS<\/b>: (http:\/\/goo.GL\/61xevS)<\/p>\n<p><b>Windows Phone<\/b>: (http:\/\/goo.GL\/Rx8QQ)<\/p>\n<p><b>Chrome m\u00f3vil<\/b>: (http:\/\/goo.GL\/XJp7N)<\/p>\n<p><b>Opera Mobile<\/b>: (http:\/\/goo.GL\/Nzr8s7)<\/p>\n<p><b>Aceptaci\u00f3n de cookies:<\/b><\/p>\n<p>Al seguir navegando, se entender\u00e1 que ha aceptado el uso de cookies por el sitio Web.<\/p>\n<p>Por la presente le informamos que si bloquea o rechaza la instalaci\u00f3n de cookies, es posible que algunos servicios no est\u00e9n disponibles para usted y, por lo tanto, no podr\u00e1 obtener acceso a ciertos servicios o hacer uso completo de este sitio Web.<\/p>\n<p>Para m\u00e1s informaci\u00f3n, por favor lea el <a href=\"https:\/\/www.agpd.es\/portalwebAGPD\/canaldocumentacion\/publicaciones\/common\/Guias\/Guia_Cookies.pdf\">Gu\u00eda sobre el uso de cookies<\/a> de la Agencia Espa\u00f1ola de protecci\u00f3n de datos.<\/p>\n<\/div>\n<\/div>\n<\/div>\n","protected":false},"excerpt":{"rendered":"<p>Pol\u00edtica de cookies \u00bfQu\u00e9 son las cookies? Las cookies son peque\u00f1os archivos de texto que se descargan y almacenan en [&hellip;]<\/p>\n","protected":false},"author":3,"featured_media":0,"parent":0,"menu_order":0,"comment_status":"closed","ping_status":"closed","template":"","meta":{"footnotes":""},"class_list":["post-21086","page","type-page","status-publish","hentry"],"yoast_head":"<!-- This site is optimized with the Yoast SEO plugin v19.13 - https:\/\/yoast.com\/wordpress\/plugins\/seo\/ -->\n<title>Cookies &bull; dance socks bcn<\/title>\n<meta name=\"robots\" content=\"noindex, nofollow\" \/>\n<meta property=\"og:locale\" content=\"es_ES\" \/>\n<meta property=\"og:type\" content=\"article\" \/>\n<meta property=\"og:title\" content=\"Cookies &bull; dance socks bcn\" \/>\n<meta property=\"og:description\" content=\"Pol\u00edtica de cookies \u00bfQu\u00e9 son las cookies? Las cookies son peque\u00f1os archivos de texto que se descargan y almacenan en [&hellip;]\" \/>\n<meta property=\"og:url\" content=\"https:\/\/www.dancesocksbcn.com\/es\/cookies\/\" \/>\n<meta property=\"og:site_name\" content=\"dance socks bcn\" \/>\n<meta property=\"article:publisher\" content=\"https:\/\/www.facebook.com\/dancesocksbcn\/\" \/>\n<meta property=\"article:modified_time\" content=\"2018-04-27T08:45:28+00:00\" \/>\n<meta name=\"twitter:card\" content=\"summary_large_image\" \/>\n<meta name=\"twitter:site\" content=\"@dancesocksbcn\" \/>\n<meta name=\"twitter:label1\" content=\"Tiempo de lectura\" \/>\n\t<meta name=\"twitter:data1\" content=\"5 minutos\" \/>\n<script type=\"application\/ld+json\" class=\"yoast-schema-graph\">{\"@context\":\"https:\/\/schema.org\",\"@graph\":[{\"@type\":\"WebPage\",\"@id\":\"https:\/\/www.dancesocksbcn.com\/es\/cookies\/\",\"url\":\"https:\/\/www.dancesocksbcn.com\/es\/cookies\/\",\"name\":\"Cookies &bull; dance socks bcn\",\"isPartOf\":{\"@id\":\"https:\/\/www.dancesocksbcn.com\/es\/#website\"},\"datePublished\":\"2018-03-22T08:54:33+00:00\",\"dateModified\":\"2018-04-27T08:45:28+00:00\",\"breadcrumb\":{\"@id\":\"https:\/\/www.dancesocksbcn.com\/es\/cookies\/#breadcrumb\"},\"inLanguage\":\"es\",\"potentialAction\":[{\"@type\":\"ReadAction\",\"target\":[\"https:\/\/www.dancesocksbcn.com\/es\/cookies\/\"]}]},{\"@type\":\"BreadcrumbList\",\"@id\":\"https:\/\/www.dancesocksbcn.com\/es\/cookies\/#breadcrumb\",\"itemListElement\":[{\"@type\":\"ListItem\",\"position\":1,\"name\":\"Home\",\"item\":\"https:\/\/www.dancesocksbcn.com\/es\/\"},{\"@type\":\"ListItem\",\"position\":2,\"name\":\"Cookies\"}]},{\"@type\":\"WebSite\",\"@id\":\"https:\/\/www.dancesocksbcn.com\/es\/#website\",\"url\":\"https:\/\/www.dancesocksbcn.com\/es\/\",\"name\":\"dance socks bcn\",\"description\":\"Designed by dancers. Daily dance use.\",\"publisher\":{\"@id\":\"https:\/\/www.dancesocksbcn.com\/es\/#organization\"},\"potentialAction\":[{\"@type\":\"SearchAction\",\"target\":{\"@type\":\"EntryPoint\",\"urlTemplate\":\"https:\/\/www.dancesocksbcn.com\/es\/?s={search_term_string}\"},\"query-input\":\"required name=search_term_string\"}],\"inLanguage\":\"es\"},{\"@type\":\"Organization\",\"@id\":\"https:\/\/www.dancesocksbcn.com\/es\/#organization\",\"name\":\"dance socks bcn\",\"url\":\"https:\/\/www.dancesocksbcn.com\/es\/\",\"logo\":{\"@type\":\"ImageObject\",\"inLanguage\":\"es\",\"@id\":\"https:\/\/www.dancesocksbcn.com\/es\/#\/schema\/logo\/image\/\",\"url\":\"https:\/\/dancesocksbcn.b-cdn.net\/wp-content\/uploads\/2018\/04\/logo-dance-socks-bcn.png\",\"contentUrl\":\"https:\/\/dancesocksbcn.b-cdn.net\/wp-content\/uploads\/2018\/04\/logo-dance-socks-bcn.png\",\"width\":206,\"height\":150,\"caption\":\"dance socks bcn\"},\"image\":{\"@id\":\"https:\/\/www.dancesocksbcn.com\/es\/#\/schema\/logo\/image\/\"},\"sameAs\":[\"https:\/\/www.instagram.com\/dancesocksbcn\/\",\"https:\/\/www.pinterest.es\/dancesocksbcn\",\"https:\/\/www.youtube.com\/channel\/UC1AUmn1kqqoih2wYgNUiuYQ\",\"https:\/\/www.facebook.com\/dancesocksbcn\/\",\"https:\/\/twitter.com\/dancesocksbcn\"]}]}<\/script>\n<!-- \/ Yoast SEO plugin. -->","yoast_head_json":{"title":"Cookies &bull; dance socks bcn","robots":{"index":"noindex","follow":"nofollow"},"og_locale":"es_ES","og_type":"article","og_title":"Cookies &bull; dance socks bcn","og_description":"Pol\u00edtica de cookies \u00bfQu\u00e9 son las cookies? Las cookies son peque\u00f1os archivos de texto que se descargan y almacenan en [&hellip;]","og_url":"https:\/\/www.dancesocksbcn.com\/es\/cookies\/","og_site_name":"dance socks bcn","article_publisher":"https:\/\/www.facebook.com\/dancesocksbcn\/","article_modified_time":"2018-04-27T08:45:28+00:00","twitter_card":"summary_large_image","twitter_site":"@dancesocksbcn","twitter_misc":{"Tiempo de lectura":"5 minutos"},"schema":{"@context":"https:\/\/schema.org","@graph":[{"@type":"WebPage","@id":"https:\/\/www.dancesocksbcn.com\/es\/cookies\/","url":"https:\/\/www.dancesocksbcn.com\/es\/cookies\/","name":"Cookies &bull; dance socks bcn","isPartOf":{"@id":"https:\/\/www.dancesocksbcn.com\/es\/#website"},"datePublished":"2018-03-22T08:54:33+00:00","dateModified":"2018-04-27T08:45:28+00:00","breadcrumb":{"@id":"https:\/\/www.dancesocksbcn.com\/es\/cookies\/#breadcrumb"},"inLanguage":"es","potentialAction":[{"@type":"ReadAction","target":["https:\/\/www.dancesocksbcn.com\/es\/cookies\/"]}]},{"@type":"BreadcrumbList","@id":"https:\/\/www.dancesocksbcn.com\/es\/cookies\/#breadcrumb","itemListElement":[{"@type":"ListItem","position":1,"name":"Home","item":"https:\/\/www.dancesocksbcn.com\/es\/"},{"@type":"ListItem","position":2,"name":"Cookies"}]},{"@type":"WebSite","@id":"https:\/\/www.dancesocksbcn.com\/es\/#website","url":"https:\/\/www.dancesocksbcn.com\/es\/","name":"dance socks bcn","description":"Designed by dancers. Daily dance use.","publisher":{"@id":"https:\/\/www.dancesocksbcn.com\/es\/#organization"},"potentialAction":[{"@type":"SearchAction","target":{"@type":"EntryPoint","urlTemplate":"https:\/\/www.dancesocksbcn.com\/es\/?s={search_term_string}"},"query-input":"required name=search_term_string"}],"inLanguage":"es"},{"@type":"Organization","@id":"https:\/\/www.dancesocksbcn.com\/es\/#organization","name":"dance socks bcn","url":"https:\/\/www.dancesocksbcn.com\/es\/","logo":{"@type":"ImageObject","inLanguage":"es","@id":"https:\/\/www.dancesocksbcn.com\/es\/#\/schema\/logo\/image\/","url":"https:\/\/dancesocksbcn.b-cdn.net\/wp-content\/uploads\/2018\/04\/logo-dance-socks-bcn.png","contentUrl":"https:\/\/dancesocksbcn.b-cdn.net\/wp-content\/uploads\/2018\/04\/logo-dance-socks-bcn.png","width":206,"height":150,"caption":"dance socks bcn"},"image":{"@id":"https:\/\/www.dancesocksbcn.com\/es\/#\/schema\/logo\/image\/"},"sameAs":["https:\/\/www.instagram.com\/dancesocksbcn\/","https:\/\/www.pinterest.es\/dancesocksbcn","https:\/\/www.youtube.com\/channel\/UC1AUmn1kqqoih2wYgNUiuYQ","https:\/\/www.facebook.com\/dancesocksbcn\/","https:\/\/twitter.com\/dancesocksbcn"]}]}},"_links":{"self":[{"href":"https:\/\/www.dancesocksbcn.com\/es\/wp-json\/wp\/v2\/pages\/21086","targetHints":{"allow":["GET"]}}],"collection":[{"href":"https:\/\/www.dancesocksbcn.com\/es\/wp-json\/wp\/v2\/pages"}],"about":[{"href":"https:\/\/www.dancesocksbcn.com\/es\/wp-json\/wp\/v2\/types\/page"}],"author":[{"embeddable":true,"href":"https:\/\/www.dancesocksbcn.com\/es\/wp-json\/wp\/v2\/users\/3"}],"replies":[{"embeddable":true,"href":"https:\/\/www.dancesocksbcn.com\/es\/wp-json\/wp\/v2\/comments?post=21086"}],"version-history":[{"count":0,"href":"https:\/\/www.dancesocksbcn.com\/es\/wp-json\/wp\/v2\/pages\/21086\/revisions"}],"wp:attachment":[{"href":"https:\/\/www.dancesocksbcn.com\/es\/wp-json\/wp\/v2\/media?parent=21086"}],"curies":[{"name":"wp","href":"https:\/\/api.w.org\/{rel}","templated":true}]}}