{"id":20782,"date":"2018-03-21T13:11:09","date_gmt":"2018-03-21T12:11:09","guid":{"rendered":"https:\/\/www.dancesocksbcn.com\/product\/calcetines-de-yoga\/"},"modified":"2018-09-14T08:02:04","modified_gmt":"2018-09-14T06:02:04","slug":"calcetines-de-yoga","status":"publish","type":"product","link":"https:\/\/www.dancesocksbcn.com\/es\/producto\/calcetines-de-yoga\/","title":{"rendered":"Calcetines de Yoga"},"content":{"rendered":"<p><div class=\"fusion-fullwidth fullwidth-box fusion-builder-row-1 nonhundred-percent-fullwidth non-hundred-percent-height-scrolling fusion-equal-height-columns fusion-no-small-visibility\" style=\"--awb-background-position:left top;--awb-border-radius-top-left:0px;--awb-border-radius-top-right:0px;--awb-border-radius-bottom-right:0px;--awb-border-radius-bottom-left:0px;--awb-padding-top:30px;--awb-padding-bottom:0px;--awb-margin-bottom:0px;--awb-border-sizes-top:0px;--awb-border-sizes-bottom:0px;\" ><div class=\"fusion-builder-row fusion-row\"><div class=\"fusion-layout-column fusion_builder_column fusion-builder-column-0 fusion_builder_column_1_1 1_1 fusion-one-full fusion-column-first fusion-column-last fusion-column-no-min-height\" style=\"--awb-bg-size:cover;--awb-margin-top:0px;--awb-margin-bottom:0px;\"><div class=\"fusion-column-wrapper fusion-flex-column-wrapper-legacy\"><div class=\"fusion-content-boxes content-boxes columns row fusion-columns-3 fusion-columns-total-3 fusion-content-boxes-1 content-boxes-icon-with-title content-left\" style=\"--awb-iconcolor:#353535;--awb-margin-bottom:0px;--awb-hover-accent-color:#f05e67;--awb-circle-hover-accent-color:transparent;\" data-animationOffset=\"top-into-view\"><div style=\"--awb-backgroundcolor:rgba(255,255,255,0);--awb-iconcolor:#353535;\" class=\"fusion-column content-box-column content-box-column content-box-column-1 col-lg-4 col-md-4 col-sm-4 fusion-content-box-hover content-box-column-first-in-row\"><div class=\"col content-box-wrapper content-wrapper link-area-link-icon icon-hover-animation-fade\" data-animationOffset=\"top-into-view\"><div class=\"heading heading-with-icon icon-left\"><div aria-hidden=\"true\" class=\"image\"><img decoding=\"async\" src=\"https:\/\/www.dancesocksbcn.com\/wp-content\/uploads\/2018\/02\/entrega.png\" width=\"60\" height=\"60\" alt=\"\" \/><\/div><h2 class=\"content-box-heading fusion-responsive-typography-calculated\" style=\"--h2_typography-font-size:18px;--fontSize:18;line-height:1.15;\">ENTREGA EN 2 - 6 D\u00cdAS<\/h2><\/div><\/div><\/div><div style=\"--awb-backgroundcolor:rgba(255,255,255,0);--awb-iconcolor:#353535;\" class=\"fusion-column content-box-column content-box-column content-box-column-2 col-lg-4 col-md-4 col-sm-4 fusion-content-box-hover \"><div class=\"col content-box-wrapper content-wrapper link-area-link-icon icon-hover-animation-fade\" data-animationOffset=\"top-into-view\"><div class=\"heading heading-with-icon icon-left\"><div aria-hidden=\"true\" class=\"image\"><img decoding=\"async\" src=\"https:\/\/www.dancesocksbcn.com\/wp-content\/uploads\/2018\/02\/pago-seguro.png\" width=\"60\" height=\"60\" alt=\"\" \/><\/div><h2 class=\"content-box-heading fusion-responsive-typography-calculated\" style=\"--h2_typography-font-size:18px;--fontSize:18;line-height:1.15;\">PAGO SEGURO<\/h2><\/div><\/div><\/div><div style=\"--awb-backgroundcolor:rgba(255,255,255,0);--awb-iconcolor:#353535;\" class=\"fusion-column content-box-column content-box-column content-box-column-3 col-lg-4 col-md-4 col-sm-4 fusion-content-box-hover content-box-column-last content-box-column-last-in-row\"><div class=\"col content-box-wrapper content-wrapper link-area-link-icon icon-hover-animation-fade\" data-animationOffset=\"top-into-view\"><div class=\"heading heading-with-icon icon-left\"><div aria-hidden=\"true\" class=\"image\"><img decoding=\"async\" src=\"https:\/\/www.dancesocksbcn.com\/wp-content\/uploads\/2018\/02\/envio-mundial.png\" width=\"60\" height=\"60\" alt=\"\" \/><\/div><h2 class=\"content-box-heading fusion-responsive-typography-calculated\" style=\"--h2_typography-font-size:18px;--fontSize:18;line-height:1.15;\">ENV\u00cdOS INTERNACIONALES<\/h2><\/div><\/div><\/div><div class=\"fusion-clearfix\"><\/div><\/div><div class=\"fusion-clearfix\"><\/div><\/div><\/div><\/div><\/div><div class=\"fusion-fullwidth fullwidth-box fusion-builder-row-2 hundred-percent-fullwidth non-hundred-percent-height-scrolling fusion-equal-height-columns fusion-no-small-visibility\" style=\"--awb-background-position:left top;--awb-border-radius-top-left:0px;--awb-border-radius-top-right:0px;--awb-border-radius-bottom-right:0px;--awb-border-radius-bottom-left:0px;--awb-padding-top:30px;--awb-padding-bottom:30px;--awb-background-color:#ffffff;--awb-border-sizes-top:0px;--awb-border-sizes-bottom:0px;\" ><div class=\"fusion-builder-row fusion-row\"><div class=\"fusion-layout-column fusion_builder_column fusion-builder-column-1 fusion_builder_column_1_1 1_1 fusion-one-full fusion-column-first fusion-column-last fusion-column-no-min-height\" style=\"--awb-bg-size:cover;--awb-margin-top:0px;--awb-margin-bottom:0px;\"><div class=\"fusion-column-wrapper fusion-flex-column-wrapper-legacy\"><div class=\"fusion-alignleft\"><a class=\"fusion-button button-flat button-large button-default fusion-button-default button-1 fusion-button-default-span fusion-button-default-type fusion-animated\" data-animationType=\"fadeInDown\" data-animationDuration=\"0.6\" data-animationOffset=\"top-into-view\" target=\"_self\" href=\"https:\/\/www.dancesocksbcn.com\/es\/producto\/calcetines-de-danza-personalizados\/\"><span class=\"fusion-button-text\">PERSONALIZA TUS CALCETINES<\/span><\/a><\/div><div class=\"fusion-clearfix\"><\/div><\/div><\/div><\/div><\/div><\/p>\n","protected":false},"excerpt":{"rendered":"<h3><strong>Obt\u00e9n el equilibrio con estos c\u00f3modos y t\u00e9cnicos calcetines para Yoga.<\/strong><\/h3>\n[fusion_checklist icon=\"ok\" iconcolor=\"#aaaaaa\" circle=\"no\"]<\/p>\n<ul>\n<li style=\"font-size: 16px;\">Si\u00e9ntete seguro en movimientos con un buen agarre en tus pies.<\/li>\n<li style=\"font-size: 16px;\">El relleno interno te ayudar\u00e1 a lograr una sensaci\u00f3n de comodidad y adaptabilidad que har\u00e1 que la pr\u00e1ctica del yoga sea una experiencia placentera.<\/li>\n<li style=\"font-size: 16px;\">Con colores blanco y negro y tama\u00f1o peque\u00f1o.<\/li>\n<\/ul>\n<p>[\/fusion_checklist]\n<p><strong>Composici\u00f3n: 80% Algod\u00f3n &#8211; 18% Poliamida &#8211; 2% Spandex.<\/strong><\/p>\n[fusion_table]<\/p>\n<div class=\"table-1\">\n<table width=\"100%\">\n<thead>\n<tr>\n<th align=\"left\">TALLAS<\/th>\n<th align=\"left\">EU<\/th>\n<th align=\"left\">USA<\/th>\n<th align=\"left\">UK<\/th>\n<\/tr>\n<\/thead>\n<tbody>\n<tr>\n<td align=\"left\">S<\/td>\n<td align=\"left\">35-36-37<\/td>\n<td align=\"left\">3-5.5<\/td>\n<td align=\"left\">3-5<\/td>\n<\/tr>\n<tr>\n<td align=\"left\">M<\/td>\n<td align=\"left\">38-39-40<\/td>\n<td align=\"left\">6-7.5<\/td>\n<td align=\"left\">5.5-7<\/td>\n<\/tr>\n<tr>\n<td align=\"left\">L<\/td>\n<td align=\"left\">41-42-43<\/td>\n<td align=\"left\">8-9.5<\/td>\n<td align=\"left\">7.5-9<\/td>\n<\/tr>\n<\/tbody>\n<\/table>\n<\/div>\n<p>[\/fusion_table]\n","protected":false},"featured_media":20529,"comment_status":"closed","ping_status":"closed","template":"","meta":[],"product_cat":[120],"product_tag":[],"class_list":["post-20782","product","type-product","status-publish","has-post-thumbnail","hentry","product_cat-calcetines"],"yoast_head":"<!-- This site is optimized with the Yoast SEO plugin v19.13 - https:\/\/yoast.com\/wordpress\/plugins\/seo\/ -->\n<title>Calcetines para Yoga - Dance Socks Bcn<\/title>\n<meta name=\"description\" content=\"El relleno interno de los Calcetines para Yoga te ayudar\u00e1 a lograr una sensaci\u00f3n de comodidad que har\u00e1 que la pr\u00e1ctica del yoga sea una experiencia placentera.\" \/>\n<meta name=\"robots\" content=\"index, follow, max-snippet:-1, max-image-preview:large, max-video-preview:-1\" \/>\n<link rel=\"canonical\" href=\"https:\/\/www.dancesocksbcn.com\/es\/producto\/calcetines-de-yoga\/\" \/>\n<meta property=\"og:locale\" content=\"es_ES\" \/>\n<meta property=\"og:type\" content=\"article\" \/>\n<meta property=\"og:title\" content=\"Calcetines para Yoga - Dance Socks Bcn\" \/>\n<meta property=\"og:description\" content=\"El relleno interno de los Calcetines para Yoga te ayudar\u00e1 a lograr una sensaci\u00f3n de comodidad que har\u00e1 que la pr\u00e1ctica del yoga sea una experiencia placentera.\" \/>\n<meta property=\"og:url\" content=\"https:\/\/www.dancesocksbcn.com\/es\/producto\/calcetines-de-yoga\/\" \/>\n<meta property=\"og:site_name\" content=\"dance socks bcn\" \/>\n<meta property=\"article:publisher\" content=\"https:\/\/www.facebook.com\/dancesocksbcn\/\" \/>\n<meta property=\"article:modified_time\" content=\"2018-09-14T06:02:04+00:00\" \/>\n<meta property=\"og:image\" content=\"https:\/\/dancesocksbcn.b-cdn.net\/wp-content\/uploads\/2018\/03\/yoga-socks-2-product.jpg\" \/>\n\t<meta property=\"og:image:width\" content=\"760\" \/>\n\t<meta property=\"og:image:height\" content=\"804\" \/>\n\t<meta property=\"og:image:type\" content=\"image\/jpeg\" \/>\n<meta name=\"twitter:card\" content=\"summary_large_image\" \/>\n<meta name=\"twitter:site\" content=\"@dancesocksbcn\" \/>\n<meta name=\"twitter:label1\" content=\"Tiempo de lectura\" \/>\n\t<meta name=\"twitter:data1\" content=\"4 minutos\" \/>\n<script type=\"application\/ld+json\" class=\"yoast-schema-graph\">{\"@context\":\"https:\/\/schema.org\",\"@graph\":[{\"@type\":\"WebPage\",\"@id\":\"https:\/\/www.dancesocksbcn.com\/es\/producto\/calcetines-de-yoga\/\",\"url\":\"https:\/\/www.dancesocksbcn.com\/es\/producto\/calcetines-de-yoga\/\",\"name\":\"Calcetines para Yoga - Dance Socks Bcn\",\"isPartOf\":{\"@id\":\"https:\/\/www.dancesocksbcn.com\/es\/#website\"},\"datePublished\":\"2018-03-21T12:11:09+00:00\",\"dateModified\":\"2018-09-14T06:02:04+00:00\",\"description\":\"El relleno interno de los Calcetines para Yoga te ayudar\u00e1 a lograr una sensaci\u00f3n de comodidad que har\u00e1 que la pr\u00e1ctica del yoga sea una experiencia placentera.\",\"breadcrumb\":{\"@id\":\"https:\/\/www.dancesocksbcn.com\/es\/producto\/calcetines-de-yoga\/#breadcrumb\"},\"inLanguage\":\"es\",\"potentialAction\":[{\"@type\":\"ReadAction\",\"target\":[\"https:\/\/www.dancesocksbcn.com\/es\/producto\/calcetines-de-yoga\/\"]}]},{\"@type\":\"BreadcrumbList\",\"@id\":\"https:\/\/www.dancesocksbcn.com\/es\/producto\/calcetines-de-yoga\/#breadcrumb\",\"itemListElement\":[{\"@type\":\"ListItem\",\"position\":1,\"name\":\"Home\",\"item\":\"https:\/\/www.dancesocksbcn.com\/es\/\"},{\"@type\":\"ListItem\",\"position\":2,\"name\":\"Shop\",\"item\":\"https:\/\/www.dancesocksbcn.com\/shop\/\"},{\"@type\":\"ListItem\",\"position\":3,\"name\":\"Calcetines de Yoga\"}]},{\"@type\":\"WebSite\",\"@id\":\"https:\/\/www.dancesocksbcn.com\/es\/#website\",\"url\":\"https:\/\/www.dancesocksbcn.com\/es\/\",\"name\":\"dance socks bcn\",\"description\":\"Designed by dancers. Daily dance use.\",\"publisher\":{\"@id\":\"https:\/\/www.dancesocksbcn.com\/es\/#organization\"},\"potentialAction\":[{\"@type\":\"SearchAction\",\"target\":{\"@type\":\"EntryPoint\",\"urlTemplate\":\"https:\/\/www.dancesocksbcn.com\/es\/?s={search_term_string}\"},\"query-input\":\"required name=search_term_string\"}],\"inLanguage\":\"es\"},{\"@type\":\"Organization\",\"@id\":\"https:\/\/www.dancesocksbcn.com\/es\/#organization\",\"name\":\"dance socks bcn\",\"url\":\"https:\/\/www.dancesocksbcn.com\/es\/\",\"logo\":{\"@type\":\"ImageObject\",\"inLanguage\":\"es\",\"@id\":\"https:\/\/www.dancesocksbcn.com\/es\/#\/schema\/logo\/image\/\",\"url\":\"https:\/\/dancesocksbcn.b-cdn.net\/wp-content\/uploads\/2018\/04\/logo-dance-socks-bcn.png\",\"contentUrl\":\"https:\/\/dancesocksbcn.b-cdn.net\/wp-content\/uploads\/2018\/04\/logo-dance-socks-bcn.png\",\"width\":206,\"height\":150,\"caption\":\"dance socks bcn\"},\"image\":{\"@id\":\"https:\/\/www.dancesocksbcn.com\/es\/#\/schema\/logo\/image\/\"},\"sameAs\":[\"https:\/\/www.instagram.com\/dancesocksbcn\/\",\"https:\/\/www.pinterest.es\/dancesocksbcn\",\"https:\/\/www.youtube.com\/channel\/UC1AUmn1kqqoih2wYgNUiuYQ\",\"https:\/\/www.facebook.com\/dancesocksbcn\/\",\"https:\/\/twitter.com\/dancesocksbcn\"]}]}<\/script>\n<!-- \/ Yoast SEO plugin. -->","yoast_head_json":{"title":"Calcetines para Yoga - Dance Socks Bcn","description":"El relleno interno de los Calcetines para Yoga te ayudar\u00e1 a lograr una sensaci\u00f3n de comodidad que har\u00e1 que la pr\u00e1ctica del yoga sea una experiencia placentera.","robots":{"index":"index","follow":"follow","max-snippet":"max-snippet:-1","max-image-preview":"max-image-preview:large","max-video-preview":"max-video-preview:-1"},"canonical":"https:\/\/www.dancesocksbcn.com\/es\/producto\/calcetines-de-yoga\/","og_locale":"es_ES","og_type":"article","og_title":"Calcetines para Yoga - Dance Socks Bcn","og_description":"El relleno interno de los Calcetines para Yoga te ayudar\u00e1 a lograr una sensaci\u00f3n de comodidad que har\u00e1 que la pr\u00e1ctica del yoga sea una experiencia placentera.","og_url":"https:\/\/www.dancesocksbcn.com\/es\/producto\/calcetines-de-yoga\/","og_site_name":"dance socks bcn","article_publisher":"https:\/\/www.facebook.com\/dancesocksbcn\/","article_modified_time":"2018-09-14T06:02:04+00:00","og_image":[{"width":760,"height":804,"url":"https:\/\/dancesocksbcn.b-cdn.net\/wp-content\/uploads\/2018\/03\/yoga-socks-2-product.jpg","type":"image\/jpeg"}],"twitter_card":"summary_large_image","twitter_site":"@dancesocksbcn","twitter_misc":{"Tiempo de lectura":"4 minutos"},"schema":{"@context":"https:\/\/schema.org","@graph":[{"@type":"WebPage","@id":"https:\/\/www.dancesocksbcn.com\/es\/producto\/calcetines-de-yoga\/","url":"https:\/\/www.dancesocksbcn.com\/es\/producto\/calcetines-de-yoga\/","name":"Calcetines para Yoga - Dance Socks Bcn","isPartOf":{"@id":"https:\/\/www.dancesocksbcn.com\/es\/#website"},"datePublished":"2018-03-21T12:11:09+00:00","dateModified":"2018-09-14T06:02:04+00:00","description":"El relleno interno de los Calcetines para Yoga te ayudar\u00e1 a lograr una sensaci\u00f3n de comodidad que har\u00e1 que la pr\u00e1ctica del yoga sea una experiencia placentera.","breadcrumb":{"@id":"https:\/\/www.dancesocksbcn.com\/es\/producto\/calcetines-de-yoga\/#breadcrumb"},"inLanguage":"es","potentialAction":[{"@type":"ReadAction","target":["https:\/\/www.dancesocksbcn.com\/es\/producto\/calcetines-de-yoga\/"]}]},{"@type":"BreadcrumbList","@id":"https:\/\/www.dancesocksbcn.com\/es\/producto\/calcetines-de-yoga\/#breadcrumb","itemListElement":[{"@type":"ListItem","position":1,"name":"Home","item":"https:\/\/www.dancesocksbcn.com\/es\/"},{"@type":"ListItem","position":2,"name":"Shop","item":"https:\/\/www.dancesocksbcn.com\/shop\/"},{"@type":"ListItem","position":3,"name":"Calcetines de Yoga"}]},{"@type":"WebSite","@id":"https:\/\/www.dancesocksbcn.com\/es\/#website","url":"https:\/\/www.dancesocksbcn.com\/es\/","name":"dance socks bcn","description":"Designed by dancers. Daily dance use.","publisher":{"@id":"https:\/\/www.dancesocksbcn.com\/es\/#organization"},"potentialAction":[{"@type":"SearchAction","target":{"@type":"EntryPoint","urlTemplate":"https:\/\/www.dancesocksbcn.com\/es\/?s={search_term_string}"},"query-input":"required name=search_term_string"}],"inLanguage":"es"},{"@type":"Organization","@id":"https:\/\/www.dancesocksbcn.com\/es\/#organization","name":"dance socks bcn","url":"https:\/\/www.dancesocksbcn.com\/es\/","logo":{"@type":"ImageObject","inLanguage":"es","@id":"https:\/\/www.dancesocksbcn.com\/es\/#\/schema\/logo\/image\/","url":"https:\/\/dancesocksbcn.b-cdn.net\/wp-content\/uploads\/2018\/04\/logo-dance-socks-bcn.png","contentUrl":"https:\/\/dancesocksbcn.b-cdn.net\/wp-content\/uploads\/2018\/04\/logo-dance-socks-bcn.png","width":206,"height":150,"caption":"dance socks bcn"},"image":{"@id":"https:\/\/www.dancesocksbcn.com\/es\/#\/schema\/logo\/image\/"},"sameAs":["https:\/\/www.instagram.com\/dancesocksbcn\/","https:\/\/www.pinterest.es\/dancesocksbcn","https:\/\/www.youtube.com\/channel\/UC1AUmn1kqqoih2wYgNUiuYQ","https:\/\/www.facebook.com\/dancesocksbcn\/","https:\/\/twitter.com\/dancesocksbcn"]}]}},"_links":{"self":[{"href":"https:\/\/www.dancesocksbcn.com\/es\/wp-json\/wp\/v2\/product\/20782","targetHints":{"allow":["GET"]}}],"collection":[{"href":"https:\/\/www.dancesocksbcn.com\/es\/wp-json\/wp\/v2\/product"}],"about":[{"href":"https:\/\/www.dancesocksbcn.com\/es\/wp-json\/wp\/v2\/types\/product"}],"replies":[{"embeddable":true,"href":"https:\/\/www.dancesocksbcn.com\/es\/wp-json\/wp\/v2\/comments?post=20782"}],"wp:featuredmedia":[{"embeddable":true,"href":"https:\/\/www.dancesocksbcn.com\/es\/wp-json\/wp\/v2\/media\/20529"}],"wp:attachment":[{"href":"https:\/\/www.dancesocksbcn.com\/es\/wp-json\/wp\/v2\/media?parent=20782"}],"wp:term":[{"taxonomy":"product_cat","embeddable":true,"href":"https:\/\/www.dancesocksbcn.com\/es\/wp-json\/wp\/v2\/product_cat?post=20782"},{"taxonomy":"product_tag","embeddable":true,"href":"https:\/\/www.dancesocksbcn.com\/es\/wp-json\/wp\/v2\/product_tag?post=20782"}],"curies":[{"name":"wp","href":"https:\/\/api.w.org\/{rel}","templated":true}]}}