{"id":22297,"date":"2018-05-09T13:01:33","date_gmt":"2018-05-09T11:01:33","guid":{"rendered":"https:\/\/www.dancesocksbcn.com\/?post_type=product&#038;p=22297"},"modified":"2019-04-02T16:57:51","modified_gmt":"2019-04-02T14:57:51","slug":"calcetines-oficiales-de-fama-a-bailar","status":"publish","type":"product","link":"https:\/\/www.dancesocksbcn.com\/es\/producto\/calcetines-oficiales-de-fama-a-bailar\/","title":{"rendered":"Los calcetines de Fama a Bailar"},"content":{"rendered":"<div class=\"fusion-fullwidth fullwidth-box fusion-builder-row-1 nonhundred-percent-fullwidth non-hundred-percent-height-scrolling\" style=\"--awb-border-radius-top-left:0px;--awb-border-radius-top-right:0px;--awb-border-radius-bottom-right:0px;--awb-border-radius-bottom-left:0px;\" ><div class=\"fusion-builder-row fusion-row\"><div class=\"fusion-layout-column fusion_builder_column fusion-builder-column-0 fusion_builder_column_1_1 1_1 fusion-one-full fusion-column-first fusion-column-last\" style=\"--awb-bg-size:cover;\"><div class=\"fusion-column-wrapper fusion-flex-column-wrapper-legacy\"><div class=\"fusion-content-boxes content-boxes columns row fusion-columns-3 fusion-columns-total-3 fusion-content-boxes-1 content-boxes-icon-on-side content-left\" style=\"--awb-hover-accent-color:#f05e67;--awb-circle-hover-accent-color:#f05e67;\" data-animationOffset=\"top-into-view\"><div style=\"--awb-backgroundcolor:rgba(255,255,255,0);--awb-content-padding-left:64px;\" class=\"fusion-column content-box-column content-box-column content-box-column-1 col-lg-4 col-md-4 col-sm-4 fusion-content-box-hover content-box-column-first-in-row\"><div class=\"col content-box-wrapper content-wrapper link-area-link-icon icon-hover-animation-fade\" data-animationOffset=\"top-into-view\"><div class=\"heading heading-with-icon icon-left\"><div class=\"icon\"><i style=\"border-color:#333333;border-width:1px;background-color:#333333;box-sizing:content-box;height:42px;width:42px;line-height:42px;border-radius:50%;font-size:21px;\" aria-hidden=\"true\" class=\"fontawesome-icon fa fa-truck circle-yes fa-flip-horizontal\"><\/i><\/div><h2 class=\"content-box-heading fusion-responsive-typography-calculated\" style=\"--h2_typography-font-size:18px;--fontSize:18;line-height:1.15;padding-left:64px;\">ENTREGA EN 48 - 72 HORAS<\/h2><\/div><\/div><\/div><div style=\"--awb-backgroundcolor:rgba(255,255,255,0);--awb-content-padding-left:64px;\" class=\"fusion-column content-box-column content-box-column content-box-column-2 col-lg-4 col-md-4 col-sm-4 fusion-content-box-hover \"><div class=\"col content-box-wrapper content-wrapper link-area-link-icon icon-hover-animation-fade\" data-animationOffset=\"top-into-view\"><div class=\"heading heading-with-icon icon-left\"><div class=\"icon\"><i style=\"border-color:#333333;border-width:1px;background-color:#333333;box-sizing:content-box;height:42px;width:42px;line-height:42px;border-radius:50%;font-size:21px;\" aria-hidden=\"true\" class=\"fontawesome-icon fa fa-eur circle-yes\"><\/i><\/div><h2 class=\"content-box-heading fusion-responsive-typography-calculated\" style=\"--h2_typography-font-size:18px;--fontSize:18;line-height:1.15;padding-left:64px;\">PAGO SEGURO <\/h2><\/div><\/div><\/div><div style=\"--awb-backgroundcolor:rgba(255,255,255,0);--awb-content-padding-left:64px;\" class=\"fusion-column content-box-column content-box-column content-box-column-3 col-lg-4 col-md-4 col-sm-4 fusion-content-box-hover content-box-column-last content-box-column-last-in-row\"><div class=\"col content-box-wrapper content-wrapper link-area-link-icon icon-hover-animation-fade\" data-animationOffset=\"top-into-view\"><div class=\"heading heading-with-icon icon-left\"><div class=\"icon\"><i style=\"border-color:#333333;border-width:1px;background-color:#333333;box-sizing:content-box;height:42px;width:42px;line-height:42px;border-radius:50%;font-size:21px;\" aria-hidden=\"true\" class=\"fontawesome-icon fa fa-map-o circle-yes fa-flip-horizontal\"><\/i><\/div><h2 class=\"content-box-heading fusion-responsive-typography-calculated\" style=\"--h2_typography-font-size:18px;--fontSize:18;line-height:1.15;padding-left:64px;\">ENV\u00cdOS A LA PEN\u00cdNSULA<\/h2><\/div><\/div><\/div><div class=\"fusion-clearfix\"><\/div><\/div><div class=\"fusion-video fusion-youtube\" style=\"--awb-max-width:600px;--awb-max-height:360px;\"><div class=\"video-shortcode\"><div class=\"fluid-width-video-wrapper\" style=\"padding-top:60%;\" ><iframe title=\"YouTube video player 1\" src=\"https:\/\/www.youtube.com\/embed\/3gCG0hwADEo?wmode=transparent&autoplay=0\" width=\"600\" height=\"360\" allowfullscreen allow=\"autoplay; fullscreen\"><\/iframe><\/div><\/div><\/div><ul style=\"--awb-size:13px;--awb-line-height:22.1px;--awb-icon-width:22.1px;--awb-icon-height:22.1px;--awb-icon-margin:9.1px;--awb-content-margin:31.2px;\" class=\"fusion-checklist fusion-checklist-1 fusion-checklist-default type-icons\"><li class=\"fusion-li-item\" style=\"\"><span class=\"icon-wrapper circle-no\"><i class=\"fusion-li-icon fa fa-check-square-o\" aria-hidden=\"true\"><\/i><\/span><div class=\"fusion-li-item-content\">\n<p><em>Trade Mark of Metro-Goldwyn-Mayer Studios Inc. All Right Reserved\u201d,\u201cFAMA A BAILAR \u00ae Copyright \u00a9 2018 Telef\u00f3nica Audiovisual digital, S.L.U. \u2013 Zeppelin Televisi\u00f3n, S.A.U.\u201d<\/em><\/p>\n<\/div><\/li><\/ul><div class=\"fusion-clearfix\"><\/div><\/div><\/div><\/div><\/div>\n","protected":false},"excerpt":{"rendered":"<p style=\"text-align: center;\"><em><strong>PUNTO DE VENTA HOMOLOGADO<\/strong><\/em><\/p>\n<hr \/>\n<p><strong>\u00a1\u00a1Ya puedes comprar los calcetines de Fama a Bailar!! Disfruta de la danza y el baile con los calcetines de los bailarines y bailarinas de Fama a Bailar.<\/strong><\/p>\n<p><span style=\"font-weight: 400;\">Los calcetines de Fama a Bailar est\u00e1n fabricados con tejidos de la m\u00e1xima calidad y con el objetivo de que el bailar\u00edn o bailarina se sienta c\u00f3modo y seguro durante la interpretaci\u00f3n de la pieza. Tal como hacen Adri\u00e1n, Andoni, Clara, Claudia, Cristian, Ester, Kino, Fran, Luc\u00eda, M\u00f3nica, Oriana, Pablo, Saydi, Ugo, Valero, Wondy\u2026 Imita a tus \u00eddolos, y qui\u00e9n sabe\u2026 \u00a1tal vez te conviertas en uno de ellos entrenando duro con estos calcetines!.<\/span><\/p>\n<p><b>\u00bfQu\u00e9 contiene el pack?<\/b><\/p>\n<ul>\n<li style=\"font-weight: 400;\"><span style=\"font-weight: 400;\">Un par de calcetines de color negro de media ca\u00f1a, con una composici\u00f3n 80% algod\u00f3n peinado, transpirable y adaptable, que mejora la absorci\u00f3n de impactos.<\/span><\/li>\n<li style=\"font-weight: 400;\">Un <i>flyer<\/i> exclusivo de Fama a Bailar con informaci\u00f3n de lavado y cuidado de los calcetines t\u00e9cnicos. \u00a1\u00a1Aprovecha este flyer para estampar la firma y dedicatoria de tus \u00eddolos en los pr\u00f3ximos eventos!!.<\/li>\n<\/ul>\n<p><strong>Composici\u00f3n: 80% Algod\u00f3n &#8211; 18% Poliamida &#8211; 2% Spandex<\/strong><\/p>\n[fusion_table]<\/p>\n<div class=\"table-1\">\n<table width=\"100%\">\n<thead>\n<tr>\n<th align=\"left\">TALLA<\/th>\n<th align=\"left\">EU<\/th>\n<th align=\"left\">USA<\/th>\n<th align=\"left\">UK<\/th>\n<\/tr>\n<\/thead>\n<tbody>\n<tr>\n<td align=\"left\">S<\/td>\n<td align=\"left\">35-36-37<\/td>\n<td align=\"left\">3-5.5<\/td>\n<td align=\"left\">3-5<\/td>\n<\/tr>\n<tr>\n<td align=\"left\">M<\/td>\n<td align=\"left\">38-39-40<\/td>\n<td align=\"left\">6-7.5<\/td>\n<td align=\"left\">5.5-7<\/td>\n<\/tr>\n<tr>\n<td align=\"left\">L<\/td>\n<td align=\"left\">41-42-43<\/td>\n<td align=\"left\">8-9.5<\/td>\n<td align=\"left\">7.5-9<\/td>\n<\/tr>\n<\/tbody>\n<\/table>\n<\/div>\n<p>[\/fusion_table]\n","protected":false},"featured_media":22526,"comment_status":"open","ping_status":"closed","template":"","meta":[],"product_cat":[370],"product_tag":[],"class_list":["post-22297","product","type-product","status-publish","has-post-thumbnail","hentry","product_cat-calcetines-fama"],"yoast_head":"<!-- This site is optimized with the Yoast SEO plugin v19.13 - https:\/\/yoast.com\/wordpress\/plugins\/seo\/ -->\n<title>Los Calcetines de FAMA a Bailar \u00b7 Tienda Online \u00b7 Canal #0 Movistar+<\/title>\n<meta name=\"description\" content=\"\u00a1\u00a1Ya puedes comprar los calcetines de Fama a Bailar!! Los calcetines de Fama a Bailar est\u00e1n fabricados con tejidos de la m\u00e1xima calidad y con el objetivo de que el bailar\u00edn o bailarina se sienta c\u00f3modo y seguro durante la interpretaci\u00f3n de la pieza.\" \/>\n<meta name=\"robots\" content=\"index, follow, max-snippet:-1, max-image-preview:large, max-video-preview:-1\" \/>\n<link rel=\"canonical\" href=\"https:\/\/www.dancesocksbcn.com\/es\/producto\/calcetines-oficiales-de-fama-a-bailar\/\" \/>\n<meta property=\"og:locale\" content=\"es_ES\" \/>\n<meta property=\"og:type\" content=\"article\" \/>\n<meta property=\"og:title\" content=\"Los Calcetines de FAMA a Bailar \u00b7 Tienda Online \u00b7 Canal #0 Movistar+\" \/>\n<meta property=\"og:description\" content=\"\u00a1\u00a1Ya puedes comprar los calcetines de Fama a Bailar!! Los calcetines de Fama a Bailar est\u00e1n fabricados con tejidos de la m\u00e1xima calidad y con el objetivo de que el bailar\u00edn o bailarina se sienta c\u00f3modo y seguro durante la interpretaci\u00f3n de la pieza.\" \/>\n<meta property=\"og:url\" content=\"https:\/\/www.dancesocksbcn.com\/es\/producto\/calcetines-oficiales-de-fama-a-bailar\/\" \/>\n<meta property=\"og:site_name\" content=\"dance socks bcn\" \/>\n<meta property=\"article:publisher\" content=\"https:\/\/www.facebook.com\/dancesocksbcn\/\" \/>\n<meta property=\"article:modified_time\" content=\"2019-04-02T14:57:51+00:00\" \/>\n<meta property=\"og:image\" content=\"https:\/\/dancesocksbcn.b-cdn.net\/wp-content\/uploads\/2018\/05\/img-web-calcetines-fama.jpg\" \/>\n\t<meta property=\"og:image:width\" content=\"760\" \/>\n\t<meta property=\"og:image:height\" content=\"804\" \/>\n\t<meta property=\"og:image:type\" content=\"image\/jpeg\" \/>\n<meta name=\"twitter:card\" content=\"summary_large_image\" \/>\n<meta name=\"twitter:site\" content=\"@dancesocksbcn\" \/>\n<meta name=\"twitter:label1\" content=\"Tiempo de lectura\" \/>\n\t<meta name=\"twitter:data1\" content=\"2 minutos\" \/>\n<script type=\"application\/ld+json\" class=\"yoast-schema-graph\">{\"@context\":\"https:\/\/schema.org\",\"@graph\":[{\"@type\":\"WebPage\",\"@id\":\"https:\/\/www.dancesocksbcn.com\/es\/producto\/calcetines-oficiales-de-fama-a-bailar\/\",\"url\":\"https:\/\/www.dancesocksbcn.com\/es\/producto\/calcetines-oficiales-de-fama-a-bailar\/\",\"name\":\"Los Calcetines de FAMA a Bailar \u00b7 Tienda Online \u00b7 Canal #0 Movistar+\",\"isPartOf\":{\"@id\":\"https:\/\/www.dancesocksbcn.com\/es\/#website\"},\"datePublished\":\"2018-05-09T11:01:33+00:00\",\"dateModified\":\"2019-04-02T14:57:51+00:00\",\"description\":\"\u00a1\u00a1Ya puedes comprar los calcetines de Fama a Bailar!! Los calcetines de Fama a Bailar est\u00e1n fabricados con tejidos de la m\u00e1xima calidad y con el objetivo de que el bailar\u00edn o bailarina se sienta c\u00f3modo y seguro durante la interpretaci\u00f3n de la pieza.\",\"breadcrumb\":{\"@id\":\"https:\/\/www.dancesocksbcn.com\/es\/producto\/calcetines-oficiales-de-fama-a-bailar\/#breadcrumb\"},\"inLanguage\":\"es\",\"potentialAction\":[{\"@type\":\"ReadAction\",\"target\":[\"https:\/\/www.dancesocksbcn.com\/es\/producto\/calcetines-oficiales-de-fama-a-bailar\/\"]}]},{\"@type\":\"BreadcrumbList\",\"@id\":\"https:\/\/www.dancesocksbcn.com\/es\/producto\/calcetines-oficiales-de-fama-a-bailar\/#breadcrumb\",\"itemListElement\":[{\"@type\":\"ListItem\",\"position\":1,\"name\":\"Home\",\"item\":\"https:\/\/www.dancesocksbcn.com\/es\/\"},{\"@type\":\"ListItem\",\"position\":2,\"name\":\"Shop\",\"item\":\"https:\/\/www.dancesocksbcn.com\/shop\/\"},{\"@type\":\"ListItem\",\"position\":3,\"name\":\"Los calcetines de Fama a Bailar\"}]},{\"@type\":\"WebSite\",\"@id\":\"https:\/\/www.dancesocksbcn.com\/es\/#website\",\"url\":\"https:\/\/www.dancesocksbcn.com\/es\/\",\"name\":\"dance socks bcn\",\"description\":\"Designed by dancers. Daily dance use.\",\"publisher\":{\"@id\":\"https:\/\/www.dancesocksbcn.com\/es\/#organization\"},\"potentialAction\":[{\"@type\":\"SearchAction\",\"target\":{\"@type\":\"EntryPoint\",\"urlTemplate\":\"https:\/\/www.dancesocksbcn.com\/es\/?s={search_term_string}\"},\"query-input\":\"required name=search_term_string\"}],\"inLanguage\":\"es\"},{\"@type\":\"Organization\",\"@id\":\"https:\/\/www.dancesocksbcn.com\/es\/#organization\",\"name\":\"dance socks bcn\",\"url\":\"https:\/\/www.dancesocksbcn.com\/es\/\",\"logo\":{\"@type\":\"ImageObject\",\"inLanguage\":\"es\",\"@id\":\"https:\/\/www.dancesocksbcn.com\/es\/#\/schema\/logo\/image\/\",\"url\":\"https:\/\/dancesocksbcn.b-cdn.net\/wp-content\/uploads\/2018\/04\/logo-dance-socks-bcn.png\",\"contentUrl\":\"https:\/\/dancesocksbcn.b-cdn.net\/wp-content\/uploads\/2018\/04\/logo-dance-socks-bcn.png\",\"width\":206,\"height\":150,\"caption\":\"dance socks bcn\"},\"image\":{\"@id\":\"https:\/\/www.dancesocksbcn.com\/es\/#\/schema\/logo\/image\/\"},\"sameAs\":[\"https:\/\/www.instagram.com\/dancesocksbcn\/\",\"https:\/\/www.pinterest.es\/dancesocksbcn\",\"https:\/\/www.youtube.com\/channel\/UC1AUmn1kqqoih2wYgNUiuYQ\",\"https:\/\/www.facebook.com\/dancesocksbcn\/\",\"https:\/\/twitter.com\/dancesocksbcn\"]}]}<\/script>\n<!-- \/ Yoast SEO plugin. -->","yoast_head_json":{"title":"Los Calcetines de FAMA a Bailar \u00b7 Tienda Online \u00b7 Canal #0 Movistar+","description":"\u00a1\u00a1Ya puedes comprar los calcetines de Fama a Bailar!! Los calcetines de Fama a Bailar est\u00e1n fabricados con tejidos de la m\u00e1xima calidad y con el objetivo de que el bailar\u00edn o bailarina se sienta c\u00f3modo y seguro durante la interpretaci\u00f3n de la pieza.","robots":{"index":"index","follow":"follow","max-snippet":"max-snippet:-1","max-image-preview":"max-image-preview:large","max-video-preview":"max-video-preview:-1"},"canonical":"https:\/\/www.dancesocksbcn.com\/es\/producto\/calcetines-oficiales-de-fama-a-bailar\/","og_locale":"es_ES","og_type":"article","og_title":"Los Calcetines de FAMA a Bailar \u00b7 Tienda Online \u00b7 Canal #0 Movistar+","og_description":"\u00a1\u00a1Ya puedes comprar los calcetines de Fama a Bailar!! Los calcetines de Fama a Bailar est\u00e1n fabricados con tejidos de la m\u00e1xima calidad y con el objetivo de que el bailar\u00edn o bailarina se sienta c\u00f3modo y seguro durante la interpretaci\u00f3n de la pieza.","og_url":"https:\/\/www.dancesocksbcn.com\/es\/producto\/calcetines-oficiales-de-fama-a-bailar\/","og_site_name":"dance socks bcn","article_publisher":"https:\/\/www.facebook.com\/dancesocksbcn\/","article_modified_time":"2019-04-02T14:57:51+00:00","og_image":[{"width":760,"height":804,"url":"https:\/\/dancesocksbcn.b-cdn.net\/wp-content\/uploads\/2018\/05\/img-web-calcetines-fama.jpg","type":"image\/jpeg"}],"twitter_card":"summary_large_image","twitter_site":"@dancesocksbcn","twitter_misc":{"Tiempo de lectura":"2 minutos"},"schema":{"@context":"https:\/\/schema.org","@graph":[{"@type":"WebPage","@id":"https:\/\/www.dancesocksbcn.com\/es\/producto\/calcetines-oficiales-de-fama-a-bailar\/","url":"https:\/\/www.dancesocksbcn.com\/es\/producto\/calcetines-oficiales-de-fama-a-bailar\/","name":"Los Calcetines de FAMA a Bailar \u00b7 Tienda Online \u00b7 Canal #0 Movistar+","isPartOf":{"@id":"https:\/\/www.dancesocksbcn.com\/es\/#website"},"datePublished":"2018-05-09T11:01:33+00:00","dateModified":"2019-04-02T14:57:51+00:00","description":"\u00a1\u00a1Ya puedes comprar los calcetines de Fama a Bailar!! Los calcetines de Fama a Bailar est\u00e1n fabricados con tejidos de la m\u00e1xima calidad y con el objetivo de que el bailar\u00edn o bailarina se sienta c\u00f3modo y seguro durante la interpretaci\u00f3n de la pieza.","breadcrumb":{"@id":"https:\/\/www.dancesocksbcn.com\/es\/producto\/calcetines-oficiales-de-fama-a-bailar\/#breadcrumb"},"inLanguage":"es","potentialAction":[{"@type":"ReadAction","target":["https:\/\/www.dancesocksbcn.com\/es\/producto\/calcetines-oficiales-de-fama-a-bailar\/"]}]},{"@type":"BreadcrumbList","@id":"https:\/\/www.dancesocksbcn.com\/es\/producto\/calcetines-oficiales-de-fama-a-bailar\/#breadcrumb","itemListElement":[{"@type":"ListItem","position":1,"name":"Home","item":"https:\/\/www.dancesocksbcn.com\/es\/"},{"@type":"ListItem","position":2,"name":"Shop","item":"https:\/\/www.dancesocksbcn.com\/shop\/"},{"@type":"ListItem","position":3,"name":"Los calcetines de Fama a Bailar"}]},{"@type":"WebSite","@id":"https:\/\/www.dancesocksbcn.com\/es\/#website","url":"https:\/\/www.dancesocksbcn.com\/es\/","name":"dance socks bcn","description":"Designed by dancers. Daily dance use.","publisher":{"@id":"https:\/\/www.dancesocksbcn.com\/es\/#organization"},"potentialAction":[{"@type":"SearchAction","target":{"@type":"EntryPoint","urlTemplate":"https:\/\/www.dancesocksbcn.com\/es\/?s={search_term_string}"},"query-input":"required name=search_term_string"}],"inLanguage":"es"},{"@type":"Organization","@id":"https:\/\/www.dancesocksbcn.com\/es\/#organization","name":"dance socks bcn","url":"https:\/\/www.dancesocksbcn.com\/es\/","logo":{"@type":"ImageObject","inLanguage":"es","@id":"https:\/\/www.dancesocksbcn.com\/es\/#\/schema\/logo\/image\/","url":"https:\/\/dancesocksbcn.b-cdn.net\/wp-content\/uploads\/2018\/04\/logo-dance-socks-bcn.png","contentUrl":"https:\/\/dancesocksbcn.b-cdn.net\/wp-content\/uploads\/2018\/04\/logo-dance-socks-bcn.png","width":206,"height":150,"caption":"dance socks bcn"},"image":{"@id":"https:\/\/www.dancesocksbcn.com\/es\/#\/schema\/logo\/image\/"},"sameAs":["https:\/\/www.instagram.com\/dancesocksbcn\/","https:\/\/www.pinterest.es\/dancesocksbcn","https:\/\/www.youtube.com\/channel\/UC1AUmn1kqqoih2wYgNUiuYQ","https:\/\/www.facebook.com\/dancesocksbcn\/","https:\/\/twitter.com\/dancesocksbcn"]}]}},"_links":{"self":[{"href":"https:\/\/www.dancesocksbcn.com\/es\/wp-json\/wp\/v2\/product\/22297","targetHints":{"allow":["GET"]}}],"collection":[{"href":"https:\/\/www.dancesocksbcn.com\/es\/wp-json\/wp\/v2\/product"}],"about":[{"href":"https:\/\/www.dancesocksbcn.com\/es\/wp-json\/wp\/v2\/types\/product"}],"replies":[{"embeddable":true,"href":"https:\/\/www.dancesocksbcn.com\/es\/wp-json\/wp\/v2\/comments?post=22297"}],"wp:featuredmedia":[{"embeddable":true,"href":"https:\/\/www.dancesocksbcn.com\/es\/wp-json\/wp\/v2\/media\/22526"}],"wp:attachment":[{"href":"https:\/\/www.dancesocksbcn.com\/es\/wp-json\/wp\/v2\/media?parent=22297"}],"wp:term":[{"taxonomy":"product_cat","embeddable":true,"href":"https:\/\/www.dancesocksbcn.com\/es\/wp-json\/wp\/v2\/product_cat?post=22297"},{"taxonomy":"product_tag","embeddable":true,"href":"https:\/\/www.dancesocksbcn.com\/es\/wp-json\/wp\/v2\/product_tag?post=22297"}],"curies":[{"name":"wp","href":"https:\/\/api.w.org\/{rel}","templated":true}]}}